{"id":922,"date":"2025-12-09T18:11:07","date_gmt":"2025-12-09T17:11:07","guid":{"rendered":"https:\/\/www.ntn-at.de\/video\/"},"modified":"2025-12-11T10:51:11","modified_gmt":"2025-12-11T09:51:11","slug":"video","status":"publish","type":"page","link":"https:\/\/www.ntn-at.de\/en\/video\/","title":{"rendered":"Video"},"content":{"rendered":"\n<div class=\"wp-block-cover is-light container-fullwidth header-cover mb-4\"><img loading=\"lazy\" decoding=\"async\" width=\"2550\" height=\"1698\" title=\"Luftbild Firmengel\u00e4nde NTN\" class=\"wp-block-cover__image-background wp-image-163 size-full\" alt=\"Aerial view of the NTN Antriebstechnik GmbH site in Gardelegen with wind turbines, solar panels, biogas plants, and industrial buildings in a rural setting at sunrise.\" src=\"https:\/\/www.ntn-at.de\/wp-content\/uploads\/2025\/10\/DJI_0726-scaled.jpg\" data-object-fit=\"cover\" srcset=\"https:\/\/www.ntn-at.de\/wp-content\/uploads\/2025\/10\/DJI_0726-scaled.jpg 2550w, https:\/\/www.ntn-at.de\/wp-content\/uploads\/2025\/10\/DJI_0726-300x200.jpg 300w, https:\/\/www.ntn-at.de\/wp-content\/uploads\/2025\/10\/DJI_0726-1024x682.jpg 1024w, https:\/\/www.ntn-at.de\/wp-content\/uploads\/2025\/10\/DJI_0726-768x512.jpg 768w, https:\/\/www.ntn-at.de\/wp-content\/uploads\/2025\/10\/DJI_0726-1536x1023.jpg 1536w, https:\/\/www.ntn-at.de\/wp-content\/uploads\/2025\/10\/DJI_0726-2048x1364.jpg 2048w\" sizes=\"auto, (max-width: 2550px) 100vw, 2550px\" \/><span aria-hidden=\"true\" class=\"wp-block-cover__background has-dark-background-color has-background-dim-10 has-background-dim\"><\/span><div class=\"wp-block-cover__inner-container\">\n<div class=\"hupa-block-group container\">\n<div class=\"hupa-block-group headline has-background moveLeft notRepeat\" style=\"background-color:#ffffffd9\" data-animation-top=\"100\" data-animation-bottom=\"150\">\n<h1 class=\"wp-block-custom-pretitle-heading hs-pretitle-heading\"><span class=\"pretitel\"><span>Hinweise zur Video\u00fcberwachung<\/span><\/span> <span><\/span><\/h1>\n<\/div>\n<\/div>\n<\/div><\/div>\n\n\n\n<figure class=\"wp-block-image size-full is-resized mb-4\"><img loading=\"lazy\" decoding=\"async\" width=\"387\" height=\"617\" title=\"Achtung_Video\" src=\"https:\/\/www.ntn-at.de\/wp-content\/uploads\/2025\/12\/Achtung_Video.jpg\" alt=\"\" class=\"wp-image-917\" style=\"width:126px;height:auto\" srcset=\"https:\/\/www.ntn-at.de\/wp-content\/uploads\/2025\/12\/Achtung_Video.jpg 387w, https:\/\/www.ntn-at.de\/wp-content\/uploads\/2025\/12\/Achtung_Video-188x300.jpg 188w\" sizes=\"auto, (max-width: 387px) 100vw, 387px\" \/><\/figure>\n\n\n\n<p><strong>Name and contact details of the controller:<\/strong> NTN Antriebstechnik GmbH, represented by the appointed managing directors, Buschst\u00fcckenstr. 6, 39638 Gardelegen, Tel: 03907 777 0, Email: info@ntn-at.de<\/p>\n\n\n\n<p><strong>Contact details of the data protection officer:<\/strong> H\u00dcTTE Rechtsanw\u00e4lte Partnerschaft mbB, Bethmannstra\u00dfe 8, 60311 Frankfurt am Main, Tel: 069 24 75 612 0, Email: info@huette-legal.com<\/p>\n\n\n\n<p><strong>Purposes and legal basis of the data processing:<\/strong> Theft prevention, legal basis: Art. 6(1)(f) GDPR<\/p>\n\n\n\n<p><strong>Legitimate interests pursued:<\/strong> Protection of the controller\u2019s property<\/p>\n\n\n\n<p><strong>Storage period or criteria for determining the storage period:<\/strong> The stored recordings are regularly overwritten; deletion takes place at the latest after 28 days, unless further storage is required for the preservation of evidence.<\/p>\n\n\n\n<p><strong>Recipients or categories of recipients of the data:<\/strong> The data is processed only internally within NTN Antriebstechnik GmbH; no transfer takes place.<\/p>\n\n\n\n<p><strong>Information on the rights of data subjects:<\/strong><br>The data subject has the right to obtain from the controller confirmation as to whether or not personal data concerning them are being processed; where that is the case, they have a right of access to this personal data and to the information listed in detail in Art. 15 GDPR. The data subject has the right to obtain from the controller without undue delay the rectification of inaccurate personal data concerning them and, where applicable, the completion of incomplete personal data (Art. 16 GDPR).<\/p>\n\n\n\n<p>The data subject has the right to obtain from the controller the erasure of personal data concerning them without undue delay where one of the grounds listed in detail in Art. 17 GDPR applies, for example where the data are no longer necessary in relation to the purposes for which they were collected or otherwise processed (\u201cright to erasure\u201d).<\/p>\n\n\n\n<p>The data subject has the right to obtain from the controller restriction of processing where one of the conditions listed in Art. 18 GDPR applies, for example where the data subject has objected to processing, for the period during which it is verified by the controller whether the legitimate grounds of the controller override those of the data subject.<\/p>\n\n\n\n<p>The data subject has the right, on grounds relating to their particular situation, to object at any time to processing of personal data concerning them. The controller shall then no longer process the personal data unless the controller demonstrates compelling legitimate grounds for the processing which override the interests, rights and freedoms of the data subject, or the processing is for the establishment, exercise or defence of legal claims (Art. 21 GDPR).<\/p>\n\n\n\n<p>Without prejudice to any other administrative or judicial remedy, every data subject has the right to lodge a complaint with a supervisory authority, if the data subject considers that the processing of personal data relating to them infringes the GDPR (Art. 77 GDPR). The data subject may lodge this complaint with a supervisory authority in the Member State of their habitual residence, place of work or place of the alleged infringement.<\/p>\n","protected":false},"excerpt":{"rendered":"<p>Name and contact details of the controller: NTN Antriebstechnik GmbH, represented by the appointed managing directors, Buschst\u00fcckenstr. 6, 39638 Gardelegen, Tel: 03907 777 0, Email: info@ntn-at.de Contact details of the data protection officer: H\u00dcTTE Rechtsanw\u00e4lte Partnerschaft mbB, Bethmannstra\u00dfe 8, 60311 Frankfurt am Main, Tel: 069 24 75 612 0, Email: info@huette-legal.com Purposes and legal basis [&hellip;]<\/p>\n","protected":false},"author":1,"featured_media":0,"parent":0,"menu_order":0,"comment_status":"closed","ping_status":"closed","template":"","meta":{"_show_title":false,"_custom_title":"","_title_css":"","_show_menu":true,"_page_spacer":"pt-4 pb-5","_select_sidebar":"sidebar-1","_select_show_top_area":1,"_select_top_area_container":1,"_select_main_container":1,"_select_menu_container":1,"_bottom_footer_active":1,"_widgets_footer_active":1,"_widget_footer_container":1,"_bottom_sticky_footer":1,"_select_bottom_footer_container":1,"_theme_header":0,"_theme_footer":764,"footnotes":""},"class_list":["post-922","page","type-page","status-publish","hentry"],"yoast_head":"<!-- This site is optimized with the Yoast SEO plugin v27.4 - https:\/\/yoast.com\/product\/yoast-seo-wordpress\/ -->\n<title>Video &#8211; NTN Antriebstechnik GmbH<\/title>\n<meta name=\"robots\" content=\"index, follow, max-snippet:-1, max-image-preview:large, max-video-preview:-1\" \/>\n<link rel=\"canonical\" href=\"https:\/\/www.ntn-at.de\/en\/video\/\" \/>\n<meta name=\"twitter:label1\" content=\"Est. reading time\" \/>\n\t<meta name=\"twitter:data1\" content=\"2 minutes\" \/>\n<script type=\"application\/ld+json\" class=\"yoast-schema-graph\">{\"@context\":\"https:\\\/\\\/schema.org\",\"@graph\":[{\"@type\":\"WebPage\",\"@id\":\"https:\\\/\\\/www.ntn-at.de\\\/en\\\/video\\\/\",\"url\":\"https:\\\/\\\/www.ntn-at.de\\\/en\\\/video\\\/\",\"name\":\"Video &#8211; NTN Antriebstechnik GmbH\",\"isPartOf\":{\"@id\":\"https:\\\/\\\/www.ntn-at.de\\\/#website\"},\"primaryImageOfPage\":{\"@id\":\"https:\\\/\\\/www.ntn-at.de\\\/en\\\/video\\\/#primaryimage\"},\"image\":{\"@id\":\"https:\\\/\\\/www.ntn-at.de\\\/en\\\/video\\\/#primaryimage\"},\"thumbnailUrl\":\"https:\\\/\\\/www.ntn-at.de\\\/wp-content\\\/uploads\\\/2025\\\/10\\\/DJI_0726-scaled.jpg\",\"datePublished\":\"2025-12-09T17:11:07+00:00\",\"dateModified\":\"2025-12-11T09:51:11+00:00\",\"breadcrumb\":{\"@id\":\"https:\\\/\\\/www.ntn-at.de\\\/en\\\/video\\\/#breadcrumb\"},\"inLanguage\":\"en-US\",\"potentialAction\":[{\"@type\":\"ReadAction\",\"target\":[\"https:\\\/\\\/www.ntn-at.de\\\/en\\\/video\\\/\"]}]},{\"@type\":\"ImageObject\",\"inLanguage\":\"en-US\",\"@id\":\"https:\\\/\\\/www.ntn-at.de\\\/en\\\/video\\\/#primaryimage\",\"url\":\"https:\\\/\\\/www.ntn-at.de\\\/wp-content\\\/uploads\\\/2025\\\/10\\\/DJI_0726-scaled.jpg\",\"contentUrl\":\"https:\\\/\\\/www.ntn-at.de\\\/wp-content\\\/uploads\\\/2025\\\/10\\\/DJI_0726-scaled.jpg\"},{\"@type\":\"BreadcrumbList\",\"@id\":\"https:\\\/\\\/www.ntn-at.de\\\/en\\\/video\\\/#breadcrumb\",\"itemListElement\":[{\"@type\":\"ListItem\",\"position\":1,\"name\":\"Startseite\",\"item\":\"https:\\\/\\\/www.ntn-at.de\\\/en\\\/\"},{\"@type\":\"ListItem\",\"position\":2,\"name\":\"Video\"}]},{\"@type\":\"WebSite\",\"@id\":\"https:\\\/\\\/www.ntn-at.de\\\/#website\",\"url\":\"https:\\\/\\\/www.ntn-at.de\\\/\",\"name\":\"NTN Antriebstechnik GmbH\",\"description\":\"Ihr Automobilzulieferer in Gardelegen\",\"publisher\":{\"@id\":\"https:\\\/\\\/www.ntn-at.de\\\/#organization\"},\"potentialAction\":[{\"@type\":\"SearchAction\",\"target\":{\"@type\":\"EntryPoint\",\"urlTemplate\":\"https:\\\/\\\/www.ntn-at.de\\\/?s={search_term_string}\"},\"query-input\":{\"@type\":\"PropertyValueSpecification\",\"valueRequired\":true,\"valueName\":\"search_term_string\"}}],\"inLanguage\":\"en-US\"},{\"@type\":\"Organization\",\"@id\":\"https:\\\/\\\/www.ntn-at.de\\\/#organization\",\"name\":\"NTN Antriebstechnik GmbH\",\"url\":\"https:\\\/\\\/www.ntn-at.de\\\/\",\"logo\":{\"@type\":\"ImageObject\",\"inLanguage\":\"en-US\",\"@id\":\"https:\\\/\\\/www.ntn-at.de\\\/#\\\/schema\\\/logo\\\/image\\\/\",\"url\":\"https:\\\/\\\/www.ntn-at.de\\\/wp-content\\\/uploads\\\/2025\\\/10\\\/ntn-favicon.png\",\"contentUrl\":\"https:\\\/\\\/www.ntn-at.de\\\/wp-content\\\/uploads\\\/2025\\\/10\\\/ntn-favicon.png\",\"width\":600,\"height\":600,\"caption\":\"NTN Antriebstechnik GmbH\"},\"image\":{\"@id\":\"https:\\\/\\\/www.ntn-at.de\\\/#\\\/schema\\\/logo\\\/image\\\/\"}}]}<\/script>\n<!-- \/ Yoast SEO plugin. -->","yoast_head_json":{"title":"Video &#8211; NTN Antriebstechnik GmbH","robots":{"index":"index","follow":"follow","max-snippet":"max-snippet:-1","max-image-preview":"max-image-preview:large","max-video-preview":"max-video-preview:-1"},"canonical":"https:\/\/www.ntn-at.de\/en\/video\/","twitter_misc":{"Est. reading time":"2 minutes"},"schema":{"@context":"https:\/\/schema.org","@graph":[{"@type":"WebPage","@id":"https:\/\/www.ntn-at.de\/en\/video\/","url":"https:\/\/www.ntn-at.de\/en\/video\/","name":"Video &#8211; NTN Antriebstechnik GmbH","isPartOf":{"@id":"https:\/\/www.ntn-at.de\/#website"},"primaryImageOfPage":{"@id":"https:\/\/www.ntn-at.de\/en\/video\/#primaryimage"},"image":{"@id":"https:\/\/www.ntn-at.de\/en\/video\/#primaryimage"},"thumbnailUrl":"https:\/\/www.ntn-at.de\/wp-content\/uploads\/2025\/10\/DJI_0726-scaled.jpg","datePublished":"2025-12-09T17:11:07+00:00","dateModified":"2025-12-11T09:51:11+00:00","breadcrumb":{"@id":"https:\/\/www.ntn-at.de\/en\/video\/#breadcrumb"},"inLanguage":"en-US","potentialAction":[{"@type":"ReadAction","target":["https:\/\/www.ntn-at.de\/en\/video\/"]}]},{"@type":"ImageObject","inLanguage":"en-US","@id":"https:\/\/www.ntn-at.de\/en\/video\/#primaryimage","url":"https:\/\/www.ntn-at.de\/wp-content\/uploads\/2025\/10\/DJI_0726-scaled.jpg","contentUrl":"https:\/\/www.ntn-at.de\/wp-content\/uploads\/2025\/10\/DJI_0726-scaled.jpg"},{"@type":"BreadcrumbList","@id":"https:\/\/www.ntn-at.de\/en\/video\/#breadcrumb","itemListElement":[{"@type":"ListItem","position":1,"name":"Startseite","item":"https:\/\/www.ntn-at.de\/en\/"},{"@type":"ListItem","position":2,"name":"Video"}]},{"@type":"WebSite","@id":"https:\/\/www.ntn-at.de\/#website","url":"https:\/\/www.ntn-at.de\/","name":"NTN Antriebstechnik GmbH","description":"Ihr Automobilzulieferer in Gardelegen","publisher":{"@id":"https:\/\/www.ntn-at.de\/#organization"},"potentialAction":[{"@type":"SearchAction","target":{"@type":"EntryPoint","urlTemplate":"https:\/\/www.ntn-at.de\/?s={search_term_string}"},"query-input":{"@type":"PropertyValueSpecification","valueRequired":true,"valueName":"search_term_string"}}],"inLanguage":"en-US"},{"@type":"Organization","@id":"https:\/\/www.ntn-at.de\/#organization","name":"NTN Antriebstechnik GmbH","url":"https:\/\/www.ntn-at.de\/","logo":{"@type":"ImageObject","inLanguage":"en-US","@id":"https:\/\/www.ntn-at.de\/#\/schema\/logo\/image\/","url":"https:\/\/www.ntn-at.de\/wp-content\/uploads\/2025\/10\/ntn-favicon.png","contentUrl":"https:\/\/www.ntn-at.de\/wp-content\/uploads\/2025\/10\/ntn-favicon.png","width":600,"height":600,"caption":"NTN Antriebstechnik GmbH"},"image":{"@id":"https:\/\/www.ntn-at.de\/#\/schema\/logo\/image\/"}}]}},"_links":{"self":[{"href":"https:\/\/www.ntn-at.de\/en\/wp-json\/wp\/v2\/pages\/922","targetHints":{"allow":["GET"]}}],"collection":[{"href":"https:\/\/www.ntn-at.de\/en\/wp-json\/wp\/v2\/pages"}],"about":[{"href":"https:\/\/www.ntn-at.de\/en\/wp-json\/wp\/v2\/types\/page"}],"author":[{"embeddable":true,"href":"https:\/\/www.ntn-at.de\/en\/wp-json\/wp\/v2\/users\/1"}],"replies":[{"embeddable":true,"href":"https:\/\/www.ntn-at.de\/en\/wp-json\/wp\/v2\/comments?post=922"}],"version-history":[{"count":2,"href":"https:\/\/www.ntn-at.de\/en\/wp-json\/wp\/v2\/pages\/922\/revisions"}],"predecessor-version":[{"id":950,"href":"https:\/\/www.ntn-at.de\/en\/wp-json\/wp\/v2\/pages\/922\/revisions\/950"}],"wp:attachment":[{"href":"https:\/\/www.ntn-at.de\/en\/wp-json\/wp\/v2\/media?parent=922"}],"curies":[{"name":"wp","href":"https:\/\/api.w.org\/{rel}","templated":true}]}}